{"id":3530,"date":"2020-10-26T14:19:40","date_gmt":"2020-10-26T12:19:40","guid":{"rendered":"https:\/\/frdelpino.es\/try\/actualidad\/?page_id=3530"},"modified":"2020-12-30T18:17:33","modified_gmt":"2020-12-30T16:17:33","slug":"politica-de-privacidad","status":"publish","type":"page","link":"https:\/\/frdelpino.es\/actualidad\/politica-de-privacidad\/","title":{"rendered":"Pol\u00edtica de Privacidad"},"content":{"rendered":"<p><strong>1. Introducci\u00f3n<\/strong><\/p>\n<p>El objeto de la presente Pol\u00edtica es informar, de conformidad con lo establecido en la normativa aplicable, sobre los tratamientos que se realizar\u00e1n respecto de los datos personales recogidos a trav\u00e9s de la p\u00e1gina web https:\/\/www.frdelpino.es\/actualidad (en adelante, \u201cwww.frdelpino.es\/actualidad\u201d).<\/p>\n<p>El acceso y utilizaci\u00f3n de www.frdelpino.es\/actualidad y\/o de sus subdominios le atribuye la condici\u00f3n de usuario (en adelante, \u201cUsuario\/s\u201d) e implica el conocimiento y la aceptaci\u00f3n de todas las condiciones incluidas en esta Pol\u00edtica de Privacidad.<\/p>\n<p><strong>2. \u00bfQui\u00e9n es el Responsable del Tratamiento?<\/strong><\/p>\n<p><strong>Identidad:<\/strong> Fundaci\u00f3n Rafael del Pino (en adelante \u201cFundaci\u00f3n RdP\u201d)<br \/>\n<strong>NIF:<\/strong> G82483934<br \/>\n<strong>Direcci\u00f3n postal:<\/strong> C\/ Paseo de la Castellana, 37 &#8211; Madrid 28046<br \/>\n<strong>Tel\u00e9fono:<\/strong> 913 96 86 00<br \/>\n<strong>Correo electr\u00f3nico:<\/strong> info@frdelpino.es<\/p>\n<p><strong>3. \u00bfC\u00f3mo recogemos los datos personales?<\/strong><br \/>\nLos Usuarios quedan informados de que como consecuencia del uso de determinadas funcionalidades de www.frdelpino.es\/actualidad, es necesario facilitar determinados datos personales que ser\u00e1n incorporados a ficheros de los que es responsable Fundaci\u00f3n RdP. En concreto, www.frdelpino.es\/actualidad registrar\u00e1, la siguiente informaci\u00f3n:<\/p>\n<ul>\n<li>Env\u00edo de correos electr\u00f3nicos: los datos personales (incluyendo, sin car\u00e1cter limitativo, su direcci\u00f3n de correo electr\u00f3nico) que el Usuario nos facilite mediante el env\u00edo de un correo electr\u00f3nico a direcciones @frdelpino.es.<\/li>\n<\/ul>\n<p>El uso de los distintos formularios y funcionalidades de www.frdelpino.es\/actualidad es voluntario. No obstante, algunos campos son necesarios para atender correctamente tu petici\u00f3n (p. ej. para la gesti\u00f3n de cambios y devoluciones), siendo voluntaria o accesoria la inclusi\u00f3n de datos personales en los campos restantes. La negativa del Usuario a facilitar la informaci\u00f3n requerida en los campos obligatorios podr\u00eda impedir a Fundaci\u00f3n RdP atender tu petici\u00f3n.<\/p>\n<p><strong>4. \u00bfCon qu\u00e9 finalidad tratamos sus datos?<\/strong><\/p>\n<p>Con car\u00e1cter general, la informaci\u00f3n registrada a trav\u00e9s de www.frdelpino.es\/actualidad que Fundaci\u00f3n RdP obtiene de los Usuarios, ser\u00e1 tratada:<\/p>\n<ul>\n<li>Para tramitar y dar respuesta a las solicitudes formuladas por los Usuarios a trav\u00e9s de los formularios habilitados en www.frdelpino.es\/actualidad y\/o por correo electr\u00f3nico.<\/li>\n<\/ul>\n<p><strong>5. \u00bfA qu\u00e9 destinatarios comunicaremos sus datos?<br \/>\n<\/strong><br \/>\nFundaci\u00f3n RdP no tiene prevista la comunicaci\u00f3n de sus datos personales a ning\u00fan tercero.<\/p>\n<p><strong>6. \u00bfCu\u00e1l es la legitimaci\u00f3n del tratamiento?<\/strong><\/p>\n<p>La base legal del tratamiento de los datos recogidos es el consentimiento del Usuario expresado mediante la aceptaci\u00f3n de esta Pol\u00edtica de Privacidad, o el env\u00edo de un correo electr\u00f3nico a cualquiera de las direcciones facilitadas a trav\u00e9s de www.frdelpino.es\/actualidad.<\/p>\n<p><strong>7. \u00bfPor cu\u00e1nto tiempo conservaremos sus datos?<\/strong><\/p>\n<p>Los datos personales recogidos ser\u00e1n conservados por Fundaci\u00f3n RdP s\u00f3lo durante el tiempo necesario para atender y gestionar cada concreta solicitud formulada por el Usuario.<\/p>\n<ul>\n<li>En el caso del formulario de contacto, o mediante el env\u00edo de correos electr\u00f3nicos: durante el tiempo necesario para atender correctamente su petici\u00f3n.<\/li>\n<\/ul>\n<p>No obstante, trascurrido dicho periodo, los datos podr\u00e1n ser bloqueados y mantenidos por Fundaci\u00f3n RdP para la atenci\u00f3n de las posibles responsabilidades nacidas del tratamiento y s\u00f3lo durante el plazo de prescripci\u00f3n de dichas responsabilidades. Transcurridos los citados plazos los datos personales ser\u00e1n borrados por Fundaci\u00f3n RdP.<\/p>\n<p><strong>8. \u00bfCu\u00e1les son sus derechos cuando nos facilita sus datos?<\/strong><\/p>\n<p>El Usuario podr\u00e1 revocar en cualquier momento el consentimiento prestado para el tratamiento de sus datos.<\/p>\n<p>El Usuario puede, en cualquier momento, solicitar a Fundaci\u00f3n RdP confirmaci\u00f3n sobre si sus datos personales est\u00e1n siendo tratados por nuestra Fundaci\u00f3n y, en caso afirmativo, acceder a los mismos. Asimismo, puede solicitar la rectificaci\u00f3n de los datos inexactos o, en su caso, solicitar su supresi\u00f3n cuando, entre otros motivos, los datos ya no sean necesarios para los fines para los que se recogieron.<\/p>\n<p>Asimismo, en determinadas circunstancias, el Usuario podr\u00e1 solicitar la limitaci\u00f3n del tratamiento de sus datos, en cuyo caso \u00fanicamente los conservaremos para el ejercicio o la defensa de reclamaciones. Tambi\u00e9n, podr\u00e1 oponerse al tratamiento de sus datos en determinadas circunstancias. Fundaci\u00f3n RdP dejar\u00e1 de tratar los datos, salvo por motivos leg\u00edtimos imperiosos o el ejercicio o la defensa de posibles reclamaciones. Por \u00faltimo, cuando sea procedente, el Usuario podr\u00e1 ejercitar el derecho de portabilidad para obtener los datos en formato electr\u00f3nico o que se transmitan los mismos a otra entidad.<\/p>\n<p>A tales efectos podr\u00e1 utilizar los siguientes canales, acompa\u00f1ando siempre fotocopia de su DNI o cualquier otro documento que permita acreditar su identidad:<\/p>\n<ul>\n<li>Por carta a la direcci\u00f3n: C\/ Paseo de la Castellana, 37 &#8211; Madrid 28046<\/li>\n<li>Por correo electr\u00f3nico a dpd@frdelpino.es<\/li>\n<\/ul>\n<p>Por \u00faltimo, se informa igualmente del derecho a presentar una reclamaci\u00f3n ante la Agencia Espa\u00f1ola de Protecci\u00f3n de Datos en caso de que tenga conocimiento o considere que un hecho pueda suponer un incumplimiento de la normativa aplicable en materia de protecci\u00f3n de datos.<\/p>\n<p><strong>9. Actualizaciones y cambios en la Pol\u00edtica de Privacidad<br \/>\n<\/strong><br \/>\nFundaci\u00f3n RdP se reserva el derecho a introducir modificaciones en esta Pol\u00edtica de Privacidad, por ello se aconseja a los Usuarios que la visiten peri\u00f3dicamente. Cuando se produzcan cambios significativos en esta Pol\u00edtica de Privacidad, se comunicar\u00e1n a los Usuarios para su aceptaci\u00f3n mediante avisos en www.frdelpino.es\/actualidad, o bien trav\u00e9s de cualquier otro procedimiento adecuado seg\u00fan las circunstancias.<\/p>\n","protected":false},"excerpt":{"rendered":"<p>1. Introducci\u00f3n El objeto de la presente Pol\u00edtica es informar, de conformidad con lo establecido en la normativa aplicable, sobre los tratamientos que se realizar\u00e1n respecto de los datos personales recogidos a trav\u00e9s de la p\u00e1gina web https:\/\/www.frdelpino.es\/actualidad (en adelante, \u201cwww.frdelpino.es\/actualidad\u201d). El acceso y utilizaci\u00f3n de www.frdelpino.es\/actualidad y\/o de sus subdominios le atribuye la condici\u00f3n [&hellip;]<\/p>\n","protected":false},"author":2,"featured_media":0,"parent":0,"menu_order":0,"comment_status":"closed","ping_status":"closed","template":"","meta":{"_acf_changed":false,"footnotes":""},"class_list":["post-3530","page","type-page","status-publish"],"acf":[],"yoast_head":"<!-- This site is optimized with the Yoast SEO plugin v27.4 - https:\/\/yoast.com\/product\/yoast-seo-wordpress\/ -->\n<title>Pol\u00edtica de Privacidad - FRP Gaceta<\/title>\n<meta name=\"robots\" content=\"index, follow, max-snippet:-1, max-image-preview:large, max-video-preview:-1\" \/>\n<link rel=\"canonical\" href=\"https:\/\/frdelpino.es\/actualidad\/politica-de-privacidad\/\" \/>\n<meta property=\"og:locale\" content=\"es_ES\" \/>\n<meta property=\"og:type\" content=\"article\" \/>\n<meta property=\"og:title\" content=\"Pol\u00edtica de Privacidad - FRP Gaceta\" \/>\n<meta property=\"og:description\" content=\"1. Introducci\u00f3n El objeto de la presente Pol\u00edtica es informar, de conformidad con lo establecido en la normativa aplicable, sobre los tratamientos que se realizar\u00e1n respecto de los datos personales recogidos a trav\u00e9s de la p\u00e1gina web https:\/\/www.frdelpino.es\/actualidad (en adelante, \u201cwww.frdelpino.es\/actualidad\u201d). El acceso y utilizaci\u00f3n de www.frdelpino.es\/actualidad y\/o de sus subdominios le atribuye la condici\u00f3n [&hellip;]\" \/>\n<meta property=\"og:url\" content=\"https:\/\/frdelpino.es\/actualidad\/politica-de-privacidad\/\" \/>\n<meta property=\"og:site_name\" content=\"FRP Gaceta\" \/>\n<meta property=\"article:publisher\" content=\"https:\/\/www.facebook.com\/frdelpino\" \/>\n<meta property=\"article:modified_time\" content=\"2020-12-30T16:17:33+00:00\" \/>\n<meta property=\"og:image\" content=\"https:\/\/frdelpino.es\/actualidad\/wp-content\/uploads\/2018\/02\/foto_palacio_cabecera2.jpg\" \/>\n\t<meta property=\"og:image:width\" content=\"1920\" \/>\n\t<meta property=\"og:image:height\" content=\"920\" \/>\n\t<meta property=\"og:image:type\" content=\"image\/jpeg\" \/>\n<meta name=\"twitter:card\" content=\"summary_large_image\" \/>\n<meta name=\"twitter:site\" content=\"@frdelpino\" \/>\n<meta name=\"twitter:label1\" content=\"Tiempo de lectura\" \/>\n\t<meta name=\"twitter:data1\" content=\"5 minutos\" \/>\n<script type=\"application\/ld+json\" class=\"yoast-schema-graph\">{\"@context\":\"https:\\\/\\\/schema.org\",\"@graph\":[{\"@type\":\"WebPage\",\"@id\":\"https:\\\/\\\/frdelpino.es\\\/actualidad\\\/politica-de-privacidad\\\/\",\"url\":\"https:\\\/\\\/frdelpino.es\\\/actualidad\\\/politica-de-privacidad\\\/\",\"name\":\"Pol\u00edtica de Privacidad - FRP Gaceta\",\"isPartOf\":{\"@id\":\"https:\\\/\\\/frdelpino.es\\\/actualidad\\\/#website\"},\"datePublished\":\"2020-10-26T12:19:40+00:00\",\"dateModified\":\"2020-12-30T16:17:33+00:00\",\"breadcrumb\":{\"@id\":\"https:\\\/\\\/frdelpino.es\\\/actualidad\\\/politica-de-privacidad\\\/#breadcrumb\"},\"inLanguage\":\"es\",\"potentialAction\":[{\"@type\":\"ReadAction\",\"target\":[\"https:\\\/\\\/frdelpino.es\\\/actualidad\\\/politica-de-privacidad\\\/\"]}]},{\"@type\":\"BreadcrumbList\",\"@id\":\"https:\\\/\\\/frdelpino.es\\\/actualidad\\\/politica-de-privacidad\\\/#breadcrumb\",\"itemListElement\":[{\"@type\":\"ListItem\",\"position\":1,\"name\":\"Portada\",\"item\":\"https:\\\/\\\/frdelpino.es\\\/actualidad\\\/\"},{\"@type\":\"ListItem\",\"position\":2,\"name\":\"Pol\u00edtica de Privacidad\"}]},{\"@type\":\"WebSite\",\"@id\":\"https:\\\/\\\/frdelpino.es\\\/actualidad\\\/#website\",\"url\":\"https:\\\/\\\/frdelpino.es\\\/actualidad\\\/\",\"name\":\"FRP Gaceta\",\"description\":\"Una iniciativa de la Fundaci\u00f3n Rafael del Pino\",\"potentialAction\":[{\"@type\":\"SearchAction\",\"target\":{\"@type\":\"EntryPoint\",\"urlTemplate\":\"https:\\\/\\\/frdelpino.es\\\/actualidad\\\/?s={search_term_string}\"},\"query-input\":{\"@type\":\"PropertyValueSpecification\",\"valueRequired\":true,\"valueName\":\"search_term_string\"}}],\"inLanguage\":\"es\"}]}<\/script>\n<!-- \/ Yoast SEO plugin. -->","yoast_head_json":{"title":"Pol\u00edtica de Privacidad - FRP Gaceta","robots":{"index":"index","follow":"follow","max-snippet":"max-snippet:-1","max-image-preview":"max-image-preview:large","max-video-preview":"max-video-preview:-1"},"canonical":"https:\/\/frdelpino.es\/actualidad\/politica-de-privacidad\/","og_locale":"es_ES","og_type":"article","og_title":"Pol\u00edtica de Privacidad - FRP Gaceta","og_description":"1. Introducci\u00f3n El objeto de la presente Pol\u00edtica es informar, de conformidad con lo establecido en la normativa aplicable, sobre los tratamientos que se realizar\u00e1n respecto de los datos personales recogidos a trav\u00e9s de la p\u00e1gina web https:\/\/www.frdelpino.es\/actualidad (en adelante, \u201cwww.frdelpino.es\/actualidad\u201d). El acceso y utilizaci\u00f3n de www.frdelpino.es\/actualidad y\/o de sus subdominios le atribuye la condici\u00f3n [&hellip;]","og_url":"https:\/\/frdelpino.es\/actualidad\/politica-de-privacidad\/","og_site_name":"FRP Gaceta","article_publisher":"https:\/\/www.facebook.com\/frdelpino","article_modified_time":"2020-12-30T16:17:33+00:00","og_image":[{"width":1920,"height":920,"url":"https:\/\/frdelpino.es\/actualidad\/wp-content\/uploads\/2018\/02\/foto_palacio_cabecera2.jpg","type":"image\/jpeg"}],"twitter_card":"summary_large_image","twitter_site":"@frdelpino","twitter_misc":{"Tiempo de lectura":"5 minutos"},"schema":{"@context":"https:\/\/schema.org","@graph":[{"@type":"WebPage","@id":"https:\/\/frdelpino.es\/actualidad\/politica-de-privacidad\/","url":"https:\/\/frdelpino.es\/actualidad\/politica-de-privacidad\/","name":"Pol\u00edtica de Privacidad - FRP Gaceta","isPartOf":{"@id":"https:\/\/frdelpino.es\/actualidad\/#website"},"datePublished":"2020-10-26T12:19:40+00:00","dateModified":"2020-12-30T16:17:33+00:00","breadcrumb":{"@id":"https:\/\/frdelpino.es\/actualidad\/politica-de-privacidad\/#breadcrumb"},"inLanguage":"es","potentialAction":[{"@type":"ReadAction","target":["https:\/\/frdelpino.es\/actualidad\/politica-de-privacidad\/"]}]},{"@type":"BreadcrumbList","@id":"https:\/\/frdelpino.es\/actualidad\/politica-de-privacidad\/#breadcrumb","itemListElement":[{"@type":"ListItem","position":1,"name":"Portada","item":"https:\/\/frdelpino.es\/actualidad\/"},{"@type":"ListItem","position":2,"name":"Pol\u00edtica de Privacidad"}]},{"@type":"WebSite","@id":"https:\/\/frdelpino.es\/actualidad\/#website","url":"https:\/\/frdelpino.es\/actualidad\/","name":"FRP Gaceta","description":"Una iniciativa de la Fundaci\u00f3n Rafael del Pino","potentialAction":[{"@type":"SearchAction","target":{"@type":"EntryPoint","urlTemplate":"https:\/\/frdelpino.es\/actualidad\/?s={search_term_string}"},"query-input":{"@type":"PropertyValueSpecification","valueRequired":true,"valueName":"search_term_string"}}],"inLanguage":"es"}]}},"_links":{"self":[{"href":"https:\/\/frdelpino.es\/actualidad\/wp-json\/wp\/v2\/pages\/3530","targetHints":{"allow":["GET"]}}],"collection":[{"href":"https:\/\/frdelpino.es\/actualidad\/wp-json\/wp\/v2\/pages"}],"about":[{"href":"https:\/\/frdelpino.es\/actualidad\/wp-json\/wp\/v2\/types\/page"}],"author":[{"embeddable":true,"href":"https:\/\/frdelpino.es\/actualidad\/wp-json\/wp\/v2\/users\/2"}],"replies":[{"embeddable":true,"href":"https:\/\/frdelpino.es\/actualidad\/wp-json\/wp\/v2\/comments?post=3530"}],"version-history":[{"count":7,"href":"https:\/\/frdelpino.es\/actualidad\/wp-json\/wp\/v2\/pages\/3530\/revisions"}],"predecessor-version":[{"id":3736,"href":"https:\/\/frdelpino.es\/actualidad\/wp-json\/wp\/v2\/pages\/3530\/revisions\/3736"}],"wp:attachment":[{"href":"https:\/\/frdelpino.es\/actualidad\/wp-json\/wp\/v2\/media?parent=3530"}],"curies":[{"name":"wp","href":"https:\/\/api.w.org\/{rel}","templated":true}]}}