{"id":3532,"date":"2020-10-26T14:27:06","date_gmt":"2020-10-26T12:27:06","guid":{"rendered":"https:\/\/frdelpino.es\/try\/actualidad\/?page_id=3532"},"modified":"2020-12-30T18:16:31","modified_gmt":"2020-12-30T16:16:31","slug":"politica-de-cookies","status":"publish","type":"page","link":"https:\/\/frdelpino.es\/actualidad\/politica-de-cookies\/","title":{"rendered":"Pol\u00edtica de cookies"},"content":{"rendered":"<p><strong>\u00bfQu\u00e9 son las cookies y para qu\u00e9 se utilizan?<\/strong><\/p>\n<p>Una cookie es un fichero que se descarga en su ordenador, Tablet, Smartphone o cualquier otro dispositivo al acceder a determinadas p\u00e1ginas web. Las cookies peque\u00f1os archivos de informaci\u00f3n que el servidor env\u00eda al ordenador de quien accede a la p\u00e1gina Web para el correcto funcionamiento y visualizaci\u00f3n de los sitios por parte del usuario, as\u00ed como la recogida de estad\u00edsticas. En ning\u00fan caso las cookies podr\u00edan da\u00f1ar su equipo.<\/p>\n<p>Estas cookies nos permiten distinguirlo de otros usuarios de la p\u00e1gina web y nos ayuda a brindarle una buena experiencia al navegar por nuestro sitio web, as\u00ed como mejorarlo. Desactivar estas cookies probablemente impida algunas de las funciones ofrecidas por estos servicios.<\/p>\n<p><strong>Identificaci\u00f3n de cookies<br \/>\n<\/strong><br \/>\nA continuaci\u00f3n, se realiza una clasificaci\u00f3n de las cookies en funci\u00f3n de una serie de categor\u00edas. No obstante, es necesario tener en cuenta que una misma cookie puede estar incluida en m\u00e1s de una categor\u00eda.<\/p>\n<p>Tipos de cookies seg\u00fan la entidad que las gestiona:<\/p>\n<p>Seg\u00fan quien sea la entidad que gestione el equipo o dominio desde donde se env\u00edan las cookies y trate los datos que se obtengan, podemos distinguir:<\/p>\n<ul>\n<li>Cookies propias: Son aquellas que se env\u00edan al equipo terminal del usuario desde un equipo o dominio gestionado por el propio editor y desde el que se presta el servicio solicitado por el usuario.<\/li>\n<li>Cookies de terceros: Son aquellas que se env\u00edan al equipo terminal del usuario desde un equipo o dominio que no es gestionado por el editor, sino por otra entidad que trata los datos obtenidos trav\u00e9s de las cookies.<\/li>\n<\/ul>\n<p>En el caso de que las cookies sean instaladas desde un equipo o dominio gestionado por el propio editor, pero la informaci\u00f3n que se recoja mediante \u00e9stas sea gestionada por un tercero, no pueden ser consideradas como cookies propias.<\/p>\n<p>En Fundaci\u00f3n Rafael del Pino no recopilamos ni guardamos su informaci\u00f3n personal (por ejemplo, su nombre o direcci\u00f3n) por lo que esta informaci\u00f3n no puede ser utilizada para identificarle.<\/p>\n<p><strong>Tabla detallada de las cookies propias y de terceros que usamos<\/strong><\/p>\n<div style=\"overflow-x: auto; width: 100%;\">\n<table border=\"1\" cellspacing=\"0\" cellpadding=\"5\">\n<tbody>\n<tr>\n<td><strong>NOMBRE<\/strong><\/td>\n<td><strong>DOMINIO<\/strong><\/td>\n<td><strong>EXPIRA<\/strong><\/td>\n<td><strong>FINALIDAD<\/strong><\/td>\n<td><strong>TIPO<\/strong><\/td>\n<\/tr>\n<tr>\n<td>_ga<\/td>\n<td>.frdelpino.es\/actualidad<\/td>\n<td>2 a\u00f1os<\/td>\n<td>Sirve para distinguir a los usuarios.<\/td>\n<td>Anal\u00edtica<\/td>\n<\/tr>\n<tr>\n<td>_gid<\/td>\n<td>.frdelpino.es\/actualidad<\/td>\n<td>1 d\u00eda<\/td>\n<td>Se usa para distinguir a los usuarios.<\/td>\n<td>Anal\u00edtica<\/td>\n<\/tr>\n<tr>\n<td>_gat<\/td>\n<td>.frdelpino.es\/actualidad<\/td>\n<td>1 minuto<\/td>\n<td>Se usa para limitar el porcentaje de solicitudes.<\/td>\n<td>Anal\u00edtica<\/td>\n<\/tr>\n<tr>\n<td>AWSALBCORS<\/td>\n<td>tracker.metricool.com \/ AWS<\/td>\n<td>1 semana<\/td>\n<td>Registra que grupo de servidores est\u00e1 sirviendo al visitante. Esto se utiliza en relaci\u00f3n con el equilibrio de carga para optimizar la experiencia del usuario.<\/td>\n<td>T\u00e9cnica de terceros<\/td>\n<\/tr>\n<tr>\n<td>AWSALB<\/td>\n<td>tracker.metricool.com \/ AWS<\/td>\n<td>1 semana<\/td>\n<td>Registra que grupo de servidores est\u00e1 sirviendo al visitante. Esto se utiliza en relaci\u00f3n con el equilibrio de carga para optimizar la experiencia del usuario.<\/td>\n<td>T\u00e9cnica de terceros<\/td>\n<\/tr>\n<tr>\n<td>__cfduid<\/td>\n<td>.metricool.com \/ Cloudfare<\/td>\n<td>1 mes<\/td>\n<td>Cookie asociada a sitios que usan CloudFlare, usada para acelerar los tiempos de carga de las p\u00e1ginas. Seg\u00fan CloudFlare se utiliza para anular cualquier restricci\u00f3n de seguridad basada en la direcci\u00f3n IP del visitante. No contiene ninguna informaci\u00f3n de identificaci\u00f3n del usuario.<\/td>\n<td>T\u00e9cnica de terceros<\/td>\n<\/tr>\n<tr>\n<td>c3po.jpg<\/td>\n<td>.metricool.com<\/td>\n<td>Sesi\u00f3n<\/td>\n<td>Recopila datos sobre la navegaci\u00f3n y el comportamiento del usuario en el sitio web de manera an\u00f3nima sin posibilidad de identificaci\u00f3n.<\/td>\n<td>Anal\u00edtica<\/td>\n<\/tr>\n<tr>\n<td>NID<\/td>\n<td>.google.com<\/td>\n<td>6 meses<\/td>\n<td>Registra una ID \u00fanica que identifica el dispositivo de un usuario que regresa. La identificaci\u00f3n se utiliza para anuncios dirigidos.<\/td>\n<td>T\u00e9cnica de terceros<\/td>\n<\/tr>\n<tr>\n<td>OTZ<\/td>\n<td>.google.com<\/td>\n<td>1 mese<\/td>\n<td>Recopilan informaci\u00f3n sobre las preferencias para usarlas con fines publicitarios.<\/td>\n<td>Publicitaria<\/td>\n<\/tr>\n<tr>\n<td>SEARCH_SAMESITE<\/td>\n<td>.google.com<\/td>\n<td>6 meses<\/td>\n<td>El objetivo es mitigar el riesgo de fuga de informaci\u00f3n de origen cruzado. Tambi\u00e9n proporciona cierta protecci\u00f3n contra los ataques de falsificaci\u00f3n de solicitudes entre sitios.<\/td>\n<td>T\u00e9cnica de terceros<\/td>\n<\/tr>\n<tr>\n<td>ANID<\/td>\n<td>.google.com<\/td>\n<td>1 a\u00f1o<\/td>\n<td>Contiene un valor generado aleatoriamente \u00fanico que permite a la Plataforma para distinguir navegadores y dispositivos. Esta informaci\u00f3n es utilizada para medir el rendimiento de los anuncios y proporcionar recomendaciones relativas a productos basadas en datos estad\u00edsticos.<\/td>\n<td>Publicitaria<\/td>\n<\/tr>\n<tr>\n<td>1P_JAR<\/td>\n<td>.google.com<\/td>\n<td>1 a\u00f1o<\/td>\n<td>Personaliza los anuncios seg\u00fan el usuario.<\/td>\n<td>Publicitaria<\/td>\n<\/tr>\n<tr>\n<td>CONSENT<\/td>\n<td>.google.com\/.youtube.com<\/td>\n<td>20 a\u00f1os<\/td>\n<td>Almacena el estado de consentimiento de cookies del usuario para el dominio actual.<\/td>\n<td>T\u00e9cnica de terceros<\/td>\n<\/tr>\n<tr>\n<td>GPS<\/td>\n<td>.youtube.com<\/td>\n<td>Temporal<\/td>\n<td>Cookies para la integraci\u00f3n del servicio Youtube en el portal.<\/td>\n<td>Anal\u00edtica<\/td>\n<\/tr>\n<tr>\n<td>YSC<\/td>\n<td>.youtube.com<\/td>\n<td>N\/A<\/td>\n<td>Contiene un identificador \u00fanico para permitir el control de visitas a videos de YouTube.<\/td>\n<td>Anal\u00edtica<\/td>\n<\/tr>\n<tr>\n<td>VISITOR_INFO1_LIVE<\/td>\n<td>.youtube.com<\/td>\n<td>6 meses<\/td>\n<td>Permite realizar el seguimiento de los videos visitados incrustados en esta web.<\/td>\n<td>Anal\u00edtica<\/td>\n<\/tr>\n<tr>\n<td>PREF<\/td>\n<td>.youtube.com<\/td>\n<td>1 mes<\/td>\n<td>Se trata de una cookie que sirve para almacenar preferencias del sitio y del buscador de Google.<\/td>\n<td>T\u00e9cnica de terceros<\/td>\n<\/tr>\n<tr>\n<td>IDE<\/td>\n<td>.doubleclick.net<\/td>\n<td>2 meses<\/td>\n<td>Utilizado por Google DoubleClick para registrar e informar las acciones de los usuarios del sitio web despu\u00e9s de ver o hacer clic en uno de los anuncios del anunciante con el prop\u00f3sito de medir la eficacia de un anuncio y presentar anuncios dirigidos al usuario.<\/td>\n<td>Publicitaria<\/td>\n<\/tr>\n<\/tbody>\n<\/table>\n<\/div>\n<p>Uso de las cookies de Google Analytics en los sitios web: <a href=\"https:\/\/developers.google.com\/analytics\/devguides\/collection\/analyticsjs\/cookie-usage?hl=es\" target=\"_blank\" rel=\"noopener noreferrer\">https:\/\/developers.google.com\/analytics\/devguides\/collection\/analyticsjs\/cookie-usage?hl=es<\/a><br \/>\nCondiciones de privacidad de Google Analytics: <a href=\"https:\/\/www.google.com\/policies\/privacy\/\" target=\"_blank\" rel=\"noopener noreferrer\">https:\/\/www.google.com\/policies\/privacy\/<\/a><br \/>\nCondiciones de las cookies de Google: <a href=\"https:\/\/www.google.com\/policies\/technologies\/types\/\" target=\"_blank\" rel=\"noopener noreferrer\">https:\/\/www.google.com\/policies\/technologies\/types\/<\/a><br \/>\nCondiciones de las cookies de metricool: <a href=\"https:\/\/metricool.com\/legal-terms\/\" target=\"_blank\" rel=\"noopener noreferrer\">https:\/\/metricool.com\/legal-terms\/<\/a><\/p>\n<p><strong>Servicios de terceros<br \/>\n<\/strong><br \/>\nAdicionalmente, Fundaci\u00f3n Rafael del Pino tiene presencia en portales y servicios de terceros para los que, si se desea conocer las condiciones de privacidad y uso de cookies, deber\u00e1n consultarle las pol\u00edticas proporcionadas por los mismos:<\/p>\n<ul>\n<li>Facebook: <a href=\"https:\/\/es-es.facebook.com\/help\/cookies\" target=\"_blank\" rel=\"noopener noreferrer\">https:\/\/es-es.facebook.com\/help\/cookies<\/a><\/li>\n<li>Twitter: <a href=\"https:\/\/twitter.com\/privacy\" target=\"_blank\" rel=\"noopener noreferrer\">https:\/\/twitter.com\/privacy<\/a><\/li>\n<li>Linkedin: <a href=\"https:\/\/www.linkedin.com\/legal\/privacy-policy\" target=\"_blank\" rel=\"noopener noreferrer\">https:\/\/www.linkedin.com\/legal\/privacy-policy<\/a><\/li>\n<li>Youtube: <a href=\"https:\/\/www.google.es\/intl\/es\/policies\/technologies\/cookies\/\" target=\"_blank\" rel=\"noopener noreferrer\">https:\/\/www.google.es\/intl\/es\/policies\/technologies\/cookies\/<\/a><\/li>\n<li>Instagram: <a href=\"https:\/\/help.instagram.com\/1896641480634370?ref=ig\" target=\"_blank\" rel=\"noopener noreferrer\">https:\/\/help.instagram.com\/1896641480634370?ref=ig<\/a><\/li>\n<li>Vimeo: <a href=\"https:\/\/vimeo.com\/cookie_policy?vcid=32179\" target=\"_blank\" rel=\"noopener noreferrer\">https:\/\/vimeo.com\/cookie_policy?vcid=32179<\/a><\/li>\n<li>Google+: <a href=\"https:\/\/www.google.es\/intl\/es\/policies\/technologies\/cookies\/\" target=\"_blank\" rel=\"noopener noreferrer\">https:\/\/www.google.es\/intl\/es\/policies\/technologies\/cookies\/<\/a><\/li>\n<\/ul>\n<p><strong>Aceptaci\u00f3n de la pol\u00edtica de cookies<br \/>\n<\/strong><br \/>\nFundaci\u00f3n Rafael del Pino muestra informaci\u00f3n sobre su Pol\u00edtica de cookies en la parte inferior de cualquier p\u00e1gina del portal con cada inicio de sesi\u00f3n con el objeto de que usted sea consciente.<\/p>\n<p>Ante esta informaci\u00f3n es posible llevar a cabo las siguientes acciones:<\/p>\n<ul>\n<li>Aceptar cookies. No se volver\u00e1 a visualizar este aviso al acceder a cualquier p\u00e1gina del portal durante la presente sesi\u00f3n.<\/li>\n<li>Modificar la configuraci\u00f3n. Podr\u00e1 obtener m\u00e1s informaci\u00f3n sobre qu\u00e9 son las cookies, conocer la Pol\u00edtica de cookies de Fundaci\u00f3n Rafael del Pino y modificar la configuraci\u00f3n de su navegador para restringir o bloquear las cookies de Fundaci\u00f3n Rafael del Pino en cualquier momento. En el caso de restringir o bloquear las cookies puede ver reducidas las funcionalidades de la web.<\/li>\n<\/ul>\n<p><strong>C\u00f3mo modificar la configuraci\u00f3n de las cookies<\/strong><\/p>\n<p>Usted puede restringir, bloquear o borrar las cookies de la Fundaci\u00f3n Rafael del Pino o cualquier otra p\u00e1gina web, utilizando su navegador. En cada navegador la operativa es diferente, la funci\u00f3n de &#8216;Ayuda\u00bb le mostrar\u00e1 c\u00f3mo hacerlo.<\/p>\n<ul>\n<li>Internet Explorer: <a href=\"http:\/\/windows.microsoft.com\/es-xl\/internet-explorer\/delete-manage-cookies#ie=\" target=\"_blank\" rel=\"noopener noreferrer\">windows.microsoft.com\/es-xl\/internet-explorer\/delete-manage-cookies#ie=\u00bbie-10&#8243;<\/a><\/li>\n<li>FireFox: <a href=\"http:\/\/support.mozilla.org\/es\/kb\/Borrar%20cookies\" target=\"_blank\" rel=\"noopener noreferrer\">support.mozilla.org\/es\/kb\/Borrar%20cookies<\/a><\/li>\n<li>Chrome: <a href=\"http:\/\/support.google.com\/chrome\/answer\/95647?hl=\" target=\"_blank\" rel=\"noopener noreferrer\">support.google.com\/chrome\/answer\/95647?hl=\u00bbes\u00bb<\/a><\/li>\n<li>Safari: <a href=\"https:\/\/www.apple.com\/es\/privacy\/use-of-cookies\/\" target=\"_blank\" rel=\"noopener noreferrer\">https:\/\/www.apple.com\/es\/privacy\/use-of-cookies\/<\/a><\/li>\n<li>Internet Explorer (Windows Phone): <a href=\"https:\/\/www.windowsphone.com\/es-es\/how-to\/wp7\/web\/changing-privacy-and-other-browser-settings\" target=\"_blank\" rel=\"noopener noreferrer\">https:\/\/www.windowsphone.com\/es-es\/how-to\/wp7\/web\/changing-privacy-and-other-browser-settings<\/a><\/li>\n<li>Safari para IOS (iPhone y iPad): <a href=\"https:\/\/support.apple.com\/kb\/ht1677?viewlocale=es_es\" target=\"_blank\" rel=\"noopener noreferrer\">https:\/\/support.apple.com\/kb\/ht1677?viewlocale=es_es<\/a><\/li>\n<li>Chrome para Android: <a href=\"https:\/\/support.google.com\/chrome\/answer\/2392971?hl=es\" target=\"_blank\" rel=\"noopener noreferrer\">https:\/\/support.google.com\/chrome\/answer\/2392971?hl=es<\/a><\/li>\n<\/ul>\n<p>Adem\u00e1s, tambi\u00e9n puede gestionar el almac\u00e9n de cookies en su navegador a trav\u00e9s de herramientas como las siguientes:<\/p>\n<ul>\n<li>Ghostery: <a href=\"https:\/\/www.ghostery.com\/\" target=\"_blank\" rel=\"noopener noreferrer\">www.ghostery.com\/<\/a><\/li>\n<li>Your online choices: <a href=\"https:\/\/www.youronlinechoices.com\/es\/\" target=\"_blank\" rel=\"noopener noreferrer\">www.youronlinechoices.com\/es\/<\/a><\/li>\n<\/ul>\n<p><strong>Cambios de esta Pol\u00edtica<br \/>\n<\/strong><br \/>\nLa presente Pol\u00edtica de Cookies se podr\u00e1 modificar cuando as\u00ed lo exija la legislaci\u00f3n vigente en cada momento o cuando hubiera alguna variaci\u00f3n en el tipo de cookies utilizadas en el sitio web. Por ello, le recomendamos revisar esta pol\u00edtica cada vez que acceda a nuestro sitio web con el objetivo de estar adecuadamente informado sobre c\u00f3mo y para qu\u00e9 usamos las cookies.<\/p>\n<p><em>Versi\u00f3n de esta Pol\u00edtica: noviembre 2020<\/em><\/p>\n","protected":false},"excerpt":{"rendered":"<p>\u00bfQu\u00e9 son las cookies y para qu\u00e9 se utilizan? Una cookie es un fichero que se descarga en su ordenador, Tablet, Smartphone o cualquier otro dispositivo al acceder a determinadas p\u00e1ginas web. Las cookies peque\u00f1os archivos de informaci\u00f3n que el servidor env\u00eda al ordenador de quien accede a la p\u00e1gina Web para el correcto funcionamiento [&hellip;]<\/p>\n","protected":false},"author":2,"featured_media":0,"parent":0,"menu_order":0,"comment_status":"closed","ping_status":"closed","template":"","meta":{"_acf_changed":false,"footnotes":""},"class_list":["post-3532","page","type-page","status-publish"],"acf":[],"yoast_head":"<!-- This site is optimized with the Yoast SEO plugin v27.4 - https:\/\/yoast.com\/product\/yoast-seo-wordpress\/ -->\n<title>Pol\u00edtica de cookies - FRP Gaceta<\/title>\n<meta name=\"robots\" content=\"index, follow, max-snippet:-1, max-image-preview:large, max-video-preview:-1\" \/>\n<link rel=\"canonical\" href=\"https:\/\/frdelpino.es\/actualidad\/politica-de-cookies\/\" \/>\n<meta property=\"og:locale\" content=\"es_ES\" \/>\n<meta property=\"og:type\" content=\"article\" \/>\n<meta property=\"og:title\" content=\"Pol\u00edtica de cookies - FRP Gaceta\" \/>\n<meta property=\"og:description\" content=\"\u00bfQu\u00e9 son las cookies y para qu\u00e9 se utilizan? Una cookie es un fichero que se descarga en su ordenador, Tablet, Smartphone o cualquier otro dispositivo al acceder a determinadas p\u00e1ginas web. Las cookies peque\u00f1os archivos de informaci\u00f3n que el servidor env\u00eda al ordenador de quien accede a la p\u00e1gina Web para el correcto funcionamiento [&hellip;]\" \/>\n<meta property=\"og:url\" content=\"https:\/\/frdelpino.es\/actualidad\/politica-de-cookies\/\" \/>\n<meta property=\"og:site_name\" content=\"FRP Gaceta\" \/>\n<meta property=\"article:publisher\" content=\"https:\/\/www.facebook.com\/frdelpino\" \/>\n<meta property=\"article:modified_time\" content=\"2020-12-30T16:16:31+00:00\" \/>\n<meta property=\"og:image\" content=\"https:\/\/frdelpino.es\/actualidad\/wp-content\/uploads\/2018\/02\/foto_palacio_cabecera2.jpg\" \/>\n\t<meta property=\"og:image:width\" content=\"1920\" \/>\n\t<meta property=\"og:image:height\" content=\"920\" \/>\n\t<meta property=\"og:image:type\" content=\"image\/jpeg\" \/>\n<meta name=\"twitter:card\" content=\"summary_large_image\" \/>\n<meta name=\"twitter:site\" content=\"@frdelpino\" \/>\n<meta name=\"twitter:label1\" content=\"Tiempo de lectura\" \/>\n\t<meta name=\"twitter:data1\" content=\"7 minutos\" \/>\n<script type=\"application\/ld+json\" class=\"yoast-schema-graph\">{\"@context\":\"https:\\\/\\\/schema.org\",\"@graph\":[{\"@type\":\"WebPage\",\"@id\":\"https:\\\/\\\/frdelpino.es\\\/actualidad\\\/politica-de-cookies\\\/\",\"url\":\"https:\\\/\\\/frdelpino.es\\\/actualidad\\\/politica-de-cookies\\\/\",\"name\":\"Pol\u00edtica de cookies - FRP Gaceta\",\"isPartOf\":{\"@id\":\"https:\\\/\\\/frdelpino.es\\\/actualidad\\\/#website\"},\"datePublished\":\"2020-10-26T12:27:06+00:00\",\"dateModified\":\"2020-12-30T16:16:31+00:00\",\"breadcrumb\":{\"@id\":\"https:\\\/\\\/frdelpino.es\\\/actualidad\\\/politica-de-cookies\\\/#breadcrumb\"},\"inLanguage\":\"es\",\"potentialAction\":[{\"@type\":\"ReadAction\",\"target\":[\"https:\\\/\\\/frdelpino.es\\\/actualidad\\\/politica-de-cookies\\\/\"]}]},{\"@type\":\"BreadcrumbList\",\"@id\":\"https:\\\/\\\/frdelpino.es\\\/actualidad\\\/politica-de-cookies\\\/#breadcrumb\",\"itemListElement\":[{\"@type\":\"ListItem\",\"position\":1,\"name\":\"Portada\",\"item\":\"https:\\\/\\\/frdelpino.es\\\/actualidad\\\/\"},{\"@type\":\"ListItem\",\"position\":2,\"name\":\"Pol\u00edtica de cookies\"}]},{\"@type\":\"WebSite\",\"@id\":\"https:\\\/\\\/frdelpino.es\\\/actualidad\\\/#website\",\"url\":\"https:\\\/\\\/frdelpino.es\\\/actualidad\\\/\",\"name\":\"FRP Gaceta\",\"description\":\"Una iniciativa de la Fundaci\u00f3n Rafael del Pino\",\"potentialAction\":[{\"@type\":\"SearchAction\",\"target\":{\"@type\":\"EntryPoint\",\"urlTemplate\":\"https:\\\/\\\/frdelpino.es\\\/actualidad\\\/?s={search_term_string}\"},\"query-input\":{\"@type\":\"PropertyValueSpecification\",\"valueRequired\":true,\"valueName\":\"search_term_string\"}}],\"inLanguage\":\"es\"}]}<\/script>\n<!-- \/ Yoast SEO plugin. -->","yoast_head_json":{"title":"Pol\u00edtica de cookies - FRP Gaceta","robots":{"index":"index","follow":"follow","max-snippet":"max-snippet:-1","max-image-preview":"max-image-preview:large","max-video-preview":"max-video-preview:-1"},"canonical":"https:\/\/frdelpino.es\/actualidad\/politica-de-cookies\/","og_locale":"es_ES","og_type":"article","og_title":"Pol\u00edtica de cookies - FRP Gaceta","og_description":"\u00bfQu\u00e9 son las cookies y para qu\u00e9 se utilizan? Una cookie es un fichero que se descarga en su ordenador, Tablet, Smartphone o cualquier otro dispositivo al acceder a determinadas p\u00e1ginas web. Las cookies peque\u00f1os archivos de informaci\u00f3n que el servidor env\u00eda al ordenador de quien accede a la p\u00e1gina Web para el correcto funcionamiento [&hellip;]","og_url":"https:\/\/frdelpino.es\/actualidad\/politica-de-cookies\/","og_site_name":"FRP Gaceta","article_publisher":"https:\/\/www.facebook.com\/frdelpino","article_modified_time":"2020-12-30T16:16:31+00:00","og_image":[{"width":1920,"height":920,"url":"https:\/\/frdelpino.es\/actualidad\/wp-content\/uploads\/2018\/02\/foto_palacio_cabecera2.jpg","type":"image\/jpeg"}],"twitter_card":"summary_large_image","twitter_site":"@frdelpino","twitter_misc":{"Tiempo de lectura":"7 minutos"},"schema":{"@context":"https:\/\/schema.org","@graph":[{"@type":"WebPage","@id":"https:\/\/frdelpino.es\/actualidad\/politica-de-cookies\/","url":"https:\/\/frdelpino.es\/actualidad\/politica-de-cookies\/","name":"Pol\u00edtica de cookies - FRP Gaceta","isPartOf":{"@id":"https:\/\/frdelpino.es\/actualidad\/#website"},"datePublished":"2020-10-26T12:27:06+00:00","dateModified":"2020-12-30T16:16:31+00:00","breadcrumb":{"@id":"https:\/\/frdelpino.es\/actualidad\/politica-de-cookies\/#breadcrumb"},"inLanguage":"es","potentialAction":[{"@type":"ReadAction","target":["https:\/\/frdelpino.es\/actualidad\/politica-de-cookies\/"]}]},{"@type":"BreadcrumbList","@id":"https:\/\/frdelpino.es\/actualidad\/politica-de-cookies\/#breadcrumb","itemListElement":[{"@type":"ListItem","position":1,"name":"Portada","item":"https:\/\/frdelpino.es\/actualidad\/"},{"@type":"ListItem","position":2,"name":"Pol\u00edtica de cookies"}]},{"@type":"WebSite","@id":"https:\/\/frdelpino.es\/actualidad\/#website","url":"https:\/\/frdelpino.es\/actualidad\/","name":"FRP Gaceta","description":"Una iniciativa de la Fundaci\u00f3n Rafael del Pino","potentialAction":[{"@type":"SearchAction","target":{"@type":"EntryPoint","urlTemplate":"https:\/\/frdelpino.es\/actualidad\/?s={search_term_string}"},"query-input":{"@type":"PropertyValueSpecification","valueRequired":true,"valueName":"search_term_string"}}],"inLanguage":"es"}]}},"_links":{"self":[{"href":"https:\/\/frdelpino.es\/actualidad\/wp-json\/wp\/v2\/pages\/3532","targetHints":{"allow":["GET"]}}],"collection":[{"href":"https:\/\/frdelpino.es\/actualidad\/wp-json\/wp\/v2\/pages"}],"about":[{"href":"https:\/\/frdelpino.es\/actualidad\/wp-json\/wp\/v2\/types\/page"}],"author":[{"embeddable":true,"href":"https:\/\/frdelpino.es\/actualidad\/wp-json\/wp\/v2\/users\/2"}],"replies":[{"embeddable":true,"href":"https:\/\/frdelpino.es\/actualidad\/wp-json\/wp\/v2\/comments?post=3532"}],"version-history":[{"count":9,"href":"https:\/\/frdelpino.es\/actualidad\/wp-json\/wp\/v2\/pages\/3532\/revisions"}],"predecessor-version":[{"id":3735,"href":"https:\/\/frdelpino.es\/actualidad\/wp-json\/wp\/v2\/pages\/3532\/revisions\/3735"}],"wp:attachment":[{"href":"https:\/\/frdelpino.es\/actualidad\/wp-json\/wp\/v2\/media?parent=3532"}],"curies":[{"name":"wp","href":"https:\/\/api.w.org\/{rel}","templated":true}]}}