{"id":3534,"date":"2020-10-26T14:11:32","date_gmt":"2020-10-26T12:11:32","guid":{"rendered":"https:\/\/frdelpino.es\/try\/actualidad\/?page_id=3534"},"modified":"2020-10-26T14:11:32","modified_gmt":"2020-10-26T12:11:32","slug":"politica-de-redes-sociales","status":"publish","type":"page","link":"https:\/\/frdelpino.es\/actualidad\/politica-de-redes-sociales\/","title":{"rendered":"Pol\u00edtica de redes sociales"},"content":{"rendered":"<p>De conformidad con lo establecido en la normativa vigente, Fundaci\u00f3n Rafael del Pino (en adelante, Fundaci\u00f3n RdP)<span lang=\"es-ES-u-co-trad\"> informa a los usuarios, que ha procedido a crear un perfil en la\/s Red\/es Social\/es Facebook, Twitter, Instagram, Linkedin, Youtube y Vimeo con la finalidad principal de publicitar sus productos y servicios.<\/span><\/p>\n<h2>Datos de Fundaci\u00f3n Rafael del Pino (en adelante, Fundaci\u00f3n RdP)<\/h2>\n<p><b>CIF: <\/b>G82483934<br \/>\n<b>Direcci\u00f3n: <\/b>Paseo de la Castellana, 37 &#8211; Madrid 28046<br \/>\n<b>Tel\u00e9fono: <\/b>913 96 86 00<br \/>\n<b>Correo electr\u00f3nico: <\/b>info@frdelpino.es<\/p>\n<p><span lang=\"es-ES-u-co-trad\">El usuario dispone de un perfil en la misma Red Social y ha decidido unirse a la p\u00e1gina creada por <\/span>Fundaci\u00f3n RdP<span lang=\"es-ES-u-co-trad\">, mostrando as\u00ed inter\u00e9s en la informaci\u00f3n que se publicite en la Red. Al unirse a nuestra p\u00e1gina, nos facilita su consentimiento para el tratamiento de aquellos datos personales publicados en su perfil.<\/span><\/p>\n<p>Fundaci\u00f3n RdP <span lang=\"es-ES-u-co-trad\">tiene acceso y trata aquella informaci\u00f3n p\u00fablica del usuario, en especial, su nombre de contacto. Estos datos, s\u00f3lo son utilizados dentro de la propia Red Social. <\/span><\/p>\n<p><span lang=\"es-ES-u-co-trad\">El usuario puede acceder en todo momento a las pol\u00edticas de privacidad de la propia Red Social, as\u00ed como configurar su perfil para garantizar su privacidad.<\/span><\/p>\n<p><b>FINALIDADES A LAS QUE SE DESTINAN LOS DATOS EN LAS REDES SOCIALES<\/b><\/p>\n<p>La informaci\u00f3n y datos personales proporcionados voluntariamente por el usuario a trav\u00e9s de redes sociales de Fundaci\u00f3n RdP es tratada con la finalidad de:<\/p>\n<ul>\n<li>Publicar en la red social informaci\u00f3n publicidad y promoci\u00f3n comercial de productos, servicios y actividades de Fundaci\u00f3n RdP.<\/li>\n<li>Publicar en la red social informaci\u00f3n, publicidad y promoci\u00f3n comercial de productos, servicios y actividades de terceras empresas con las que se llegue a acuerdos de colaboraci\u00f3n.<\/li>\n<li>Conocer la opini\u00f3n y valoraci\u00f3n del usuario.<\/li>\n<li>Acceso a la informaci\u00f3n p\u00fablica del perfil.<\/li>\n<li>Enviar mensajes personales e individuales a trav\u00e9s de los canales de la Red Social.<\/li>\n<\/ul>\n<p><b>PUBLICACIONES<\/b><\/p>\n<p>El usuario, una vez unido a la p\u00e1gina de Fundaci\u00f3n RdP, podr\u00e1 publicar en \u00e9sta \u00faltima comentarios, enlaces, im\u00e1genes o fotograf\u00edas o cualquier otro tipo de contenido multimedia soportado por la Red Social, algo que en tal caso har\u00e1 libre, voluntaria y conscientemente. El usuario, en todos los casos, debe ser el titular de los mismos, gozar de los derechos de autor y de propiedad intelectual o contar con el consentimiento de los terceros afectados.<\/p>\n<p>Se proh\u00edbe expresamente cualquier publicaci\u00f3n en la p\u00e1gina, ya sean textos, gr\u00e1ficos, fotograf\u00edas, v\u00eddeos, etc. que atenten o sean susceptibles de atentar contra la moral, la \u00e9tica, el buen gusto o el decoro, y\/o que infrinjan, violen o quebranten los derechos de propiedad intelectual o industrial, el derecho a la imagen o la Ley. En estos casos, Fundaci\u00f3n RdP se reserva el derecho a retirar de inmediato el contenido, pudiendo solicitar el bloqueo permanente del usuario.<\/p>\n<p>Fundaci\u00f3n RdP no se har\u00e1 responsable de los contenidos que libremente ha publicado un usuario.<\/p>\n<p>El usuario debe tener presente que sus publicaciones ser\u00e1n conocidas por los otros usuarios, por lo que \u00e9l mismo es el principal responsable de su privacidad.<\/p>\n<p><span lang=\"es-ES-u-co-trad\">El usuario siempre puede controlar sus conexiones, eliminar los contenidos que dejen de interesarle y restringir con qui\u00e9n comparte sus conexiones, para ello deber\u00e1 acceder a su configuraci\u00f3n de privacidad.<\/span><\/p>\n<p>Las im\u00e1genes que puedan publicarse en la p\u00e1gina no ser\u00e1n almacenadas en ning\u00fan fichero por parte de Fundaci\u00f3n RdP, pero s\u00ed que permanecer\u00e1n en la Red Social.<\/p>\n<p><b>CONCURSOS Y PROMOCIONES <\/b><\/p>\n<p>Fundaci\u00f3n RdP se reserva el derecho a realizar concursos y promociones, en los que podr\u00e1 participar el usuario unido a su p\u00e1gina. Las bases de cada uno de ellos, cuando se utilice para ello la plataforma de la Red Social, ser\u00e1n publicadas en la misma. <span lang=\"es-ES-u-co-trad\">Cumpliendo siempre con la normativa vigente que le sea de aplicaci\u00f3n<\/span>.<\/p>\n<p>La Red Social no patrocina, avala ni administra, de modo alguno, ninguna de nuestras promociones, ni est\u00e1 asociada a ninguna de ellas.<\/p>\n<p><b>PUBLICIDAD<\/b><\/p>\n<p><a name=\"_GoBack\"><\/a> Fundaci\u00f3n RdP utilizar\u00e1 la Red Social para publicitar sus productos y servicios, en todo caso, si decide tratar sus datos de contacto para realizar acciones directas de prospecci\u00f3n comercial, ser\u00e1 siempre, cumpliendo con los requisitos de la normativa aplicable.<\/p>\n<p>No se considerar\u00e1 publicidad el hecho de recomendar a otros usuarios la p\u00e1gina de Fundaci\u00f3n RdP para que tambi\u00e9n ellos puedan disfrutar de las promociones o estar informados de su actividad.<\/p>\n<p><b>DERECHOS DE PROTECCI\u00d3N DE DATOS <\/b><\/p>\n<p>En cualquier momento podr\u00e1 ejercitar sus derechos, que est\u00e1n limitados a la funcionalidad de la red social, a Fundaci\u00f3n RdP confirmando si sus datos personales est\u00e1n siendo tratados por nuestra Fundaci\u00f3n y, en caso afirmativo, acceder a los mismos. Asimismo, puede solicitar la rectificaci\u00f3n de los datos inexactos o, en su caso, solicitar su supresi\u00f3n cuando, entre otros motivos, los datos ya no sean necesarios para los fines para los que se recogieron.<\/p>\n<p>Asimismo, en determinadas circunstancias, podr\u00e1n solicitarla limitaci\u00f3n del tratamiento de sus datos, en cuyo caso \u00fanicamente los conservaremos para el ejercicio o la defensa de reclamaciones. Tambi\u00e9n, podr\u00e1n oponerse al tratamiento de sus datos en determinadas circunstancias. Fundaci\u00f3n RdP dejar\u00e1 de tratar los datos, salvo por motivos leg\u00edtimos imperiosos o el ejercido o la defensa de posibles reclamaciones. Por \u00faltimo, cuando sea procedente, se podr\u00e1 ejercitar el derecho de portabilidad para obtener los datos en formato electr\u00f3nico o que se transmitan los mismos a otra entidad.<\/p>\n<p>A tales efectos podr\u00e1 utilizar los siguientes canales, acompa\u00f1ando siempre fotocopia de su DNI o cualquier otro documento que permita acreditar su identidad:<\/p>\n<ul>\n<li>Por carta a la direcci\u00f3n: Paseo de la Castellana, 37 &#8211; Madrid 28046<\/li>\n<li>Por correo electr\u00f3nico a dpd@frdelpino.es<\/li>\n<\/ul>\n<p>Por \u00faltimo, se le informa que podr\u00e1 reclamar ante la Agencia Espa\u00f1ola de Protecci\u00f3n de Datos (Autoridad de Control competente en esta materia), especialmente cuando no haya obtenido satisfacci\u00f3n en el ejercicio de sus derechos, mediante escrito dirigido a la misma, C\/ Jorge Juan, n\u00famero 6, 28001 \u2013 Madrid o a trav\u00e9s de la web: <span style=\"color: #0000ff;\"><u><a href=\"https:\/\/www.aepd.es\/\" target=\"_blank\" rel=\"noopener noreferrer\"><span lang=\"es-ES-u-co-trad\">https:\/\/www.aepd.es<\/span><\/a><\/u><\/span><\/p>\n<p><b>POL\u00cdTICA DE PRIVACIDAD DE LAS REDES SOCIALES:<\/b><\/p>\n<ul>\n<li><span lang=\"en-US\">Facebook: <\/span><span style=\"color: #0000ff;\"><u><a href=\"https:\/\/www.facebook.com\/privacy\/explanation\" target=\"_blank\" rel=\"noopener noreferrer\"><span lang=\"en-US\">https:\/\/www.facebook.com\/privacy\/explanation<\/span><\/a><\/u><\/span><\/li>\n<li><span lang=\"en-US\">Twitter: <\/span><span style=\"color: #0000ff;\"><u><a href=\"https:\/\/twitter.com\/privacy\" target=\"_blank\" rel=\"noopener noreferrer\"><span lang=\"en-US\">https:\/\/twitter.com\/privacy<\/span><\/a><\/u><\/span><\/li>\n<li><span lang=\"en-US\">Instagram: <\/span><span style=\"color: #0000ff;\"><u><a href=\"http:\/\/instagram.com\/about\/legal\/privacy\/\" target=\"_blank\" rel=\"noopener noreferrer\"><span lang=\"en-US\">http:\/\/instagram.com\/about\/legal\/privacy\/<\/span><\/a><\/u><\/span><\/li>\n<li><span lang=\"en-US\">Linkedin: <\/span><span style=\"color: #0000ff;\"><u><a href=\"https:\/\/www.linkedin.com\/legal\/privacy-policy\" target=\"_blank\" rel=\"noopener noreferrer\"><span lang=\"en-US\">https:\/\/www.linkedin.com\/legal\/privacy-policy<\/span><\/a><\/u><\/span><\/li>\n<li><span lang=\"en-US\">Youtube:<\/span><span style=\"color: #0000ff;\"><u><span lang=\"en-US\"> <a href=\"https:\/\/policies.google.com\/privacy?hl=es&amp;gl=es\" target=\"_blank\" rel=\"noopener noreferrer\">https:\/\/policies.google.com\/privacy?hl=es&amp;gl=es<\/a><\/span><\/u><\/span><\/li>\n<li>Vimeo: <span style=\"color: #0000ff;\"><u><a href=\"https:\/\/vimeo.com\/es\/features\/video-privacy\" target=\"_blank\" rel=\"noopener noreferrer\">https:\/\/vimeo.com\/es\/features\/video-privacy<\/a><\/u><\/span><\/li>\n<\/ul>\n<p><b>OTRA INFORMACI\u00d3N DE INTER\u00c9S<\/b><\/p>\n<p>Fundaci\u00f3n RdP se reserva el derecho a introducir modificaciones en esta Pol\u00edtica de Privacidad, por ello se aconseja a los Usuarios que la visiten peri\u00f3dicamente. Cuando se produzcan cambios significativos en la presente Pol\u00edtica de Privacidad de Redes Sociales, se comunicar\u00e1n a los Usuarios aquellos posibles cambios que puedan afectarle jur\u00eddicamente, pudiendo adem\u00e1s acceder en todo momento a la pol\u00edtica con el fin de mantenerse informado y actualizado.<\/p>\n","protected":false},"excerpt":{"rendered":"<p>De conformidad con lo establecido en la normativa vigente, Fundaci\u00f3n Rafael del Pino (en adelante, Fundaci\u00f3n RdP) informa a los usuarios, que ha procedido a crear un perfil en la\/s Red\/es Social\/es Facebook, Twitter, Instagram, Linkedin, Youtube y Vimeo con la finalidad principal de publicitar sus productos y servicios. Datos de Fundaci\u00f3n Rafael del Pino [&hellip;]<\/p>\n","protected":false},"author":2,"featured_media":0,"parent":0,"menu_order":0,"comment_status":"closed","ping_status":"closed","template":"","meta":{"_acf_changed":false,"footnotes":""},"class_list":["post-3534","page","type-page","status-publish"],"acf":[],"yoast_head":"<!-- This site is optimized with the Yoast SEO plugin v27.2 - https:\/\/yoast.com\/product\/yoast-seo-wordpress\/ -->\n<title>Pol\u00edtica de redes sociales - FRP Gaceta<\/title>\n<meta name=\"robots\" content=\"index, follow, max-snippet:-1, max-image-preview:large, max-video-preview:-1\" \/>\n<link rel=\"canonical\" href=\"https:\/\/frdelpino.es\/actualidad\/politica-de-redes-sociales\/\" \/>\n<meta property=\"og:locale\" content=\"es_ES\" \/>\n<meta property=\"og:type\" content=\"article\" \/>\n<meta property=\"og:title\" content=\"Pol\u00edtica de redes sociales - FRP Gaceta\" \/>\n<meta property=\"og:description\" content=\"De conformidad con lo establecido en la normativa vigente, Fundaci\u00f3n Rafael del Pino (en adelante, Fundaci\u00f3n RdP) informa a los usuarios, que ha procedido a crear un perfil en la\/s Red\/es Social\/es Facebook, Twitter, Instagram, Linkedin, Youtube y Vimeo con la finalidad principal de publicitar sus productos y servicios. Datos de Fundaci\u00f3n Rafael del Pino [&hellip;]\" \/>\n<meta property=\"og:url\" content=\"https:\/\/frdelpino.es\/actualidad\/politica-de-redes-sociales\/\" \/>\n<meta property=\"og:site_name\" content=\"FRP Gaceta\" \/>\n<meta property=\"article:publisher\" content=\"https:\/\/www.facebook.com\/frdelpino\" \/>\n<meta property=\"og:image\" content=\"https:\/\/frdelpino.es\/actualidad\/wp-content\/uploads\/2018\/02\/foto_palacio_cabecera2.jpg\" \/>\n\t<meta property=\"og:image:width\" content=\"1920\" \/>\n\t<meta property=\"og:image:height\" content=\"920\" \/>\n\t<meta property=\"og:image:type\" content=\"image\/jpeg\" \/>\n<meta name=\"twitter:card\" content=\"summary_large_image\" \/>\n<meta name=\"twitter:site\" content=\"@frdelpino\" \/>\n<meta name=\"twitter:label1\" content=\"Tiempo de lectura\" \/>\n\t<meta name=\"twitter:data1\" content=\"6 minutos\" \/>\n<script type=\"application\/ld+json\" class=\"yoast-schema-graph\">{\"@context\":\"https:\/\/schema.org\",\"@graph\":[{\"@type\":\"WebPage\",\"@id\":\"https:\/\/frdelpino.es\/actualidad\/politica-de-redes-sociales\/\",\"url\":\"https:\/\/frdelpino.es\/actualidad\/politica-de-redes-sociales\/\",\"name\":\"Pol\u00edtica de redes sociales - FRP Gaceta\",\"isPartOf\":{\"@id\":\"https:\/\/frdelpino.es\/actualidad\/#website\"},\"datePublished\":\"2020-10-26T12:11:32+00:00\",\"breadcrumb\":{\"@id\":\"https:\/\/frdelpino.es\/actualidad\/politica-de-redes-sociales\/#breadcrumb\"},\"inLanguage\":\"es\",\"potentialAction\":[{\"@type\":\"ReadAction\",\"target\":[\"https:\/\/frdelpino.es\/actualidad\/politica-de-redes-sociales\/\"]}]},{\"@type\":\"BreadcrumbList\",\"@id\":\"https:\/\/frdelpino.es\/actualidad\/politica-de-redes-sociales\/#breadcrumb\",\"itemListElement\":[{\"@type\":\"ListItem\",\"position\":1,\"name\":\"Portada\",\"item\":\"https:\/\/frdelpino.es\/actualidad\/\"},{\"@type\":\"ListItem\",\"position\":2,\"name\":\"Pol\u00edtica de redes sociales\"}]},{\"@type\":\"WebSite\",\"@id\":\"https:\/\/frdelpino.es\/actualidad\/#website\",\"url\":\"https:\/\/frdelpino.es\/actualidad\/\",\"name\":\"FRP Gaceta\",\"description\":\"Una iniciativa de la Fundaci\u00f3n Rafael del Pino\",\"potentialAction\":[{\"@type\":\"SearchAction\",\"target\":{\"@type\":\"EntryPoint\",\"urlTemplate\":\"https:\/\/frdelpino.es\/actualidad\/?s={search_term_string}\"},\"query-input\":{\"@type\":\"PropertyValueSpecification\",\"valueRequired\":true,\"valueName\":\"search_term_string\"}}],\"inLanguage\":\"es\"}]}<\/script>\n<!-- \/ Yoast SEO plugin. -->","yoast_head_json":{"title":"Pol\u00edtica de redes sociales - FRP Gaceta","robots":{"index":"index","follow":"follow","max-snippet":"max-snippet:-1","max-image-preview":"max-image-preview:large","max-video-preview":"max-video-preview:-1"},"canonical":"https:\/\/frdelpino.es\/actualidad\/politica-de-redes-sociales\/","og_locale":"es_ES","og_type":"article","og_title":"Pol\u00edtica de redes sociales - FRP Gaceta","og_description":"De conformidad con lo establecido en la normativa vigente, Fundaci\u00f3n Rafael del Pino (en adelante, Fundaci\u00f3n RdP) informa a los usuarios, que ha procedido a crear un perfil en la\/s Red\/es Social\/es Facebook, Twitter, Instagram, Linkedin, Youtube y Vimeo con la finalidad principal de publicitar sus productos y servicios. Datos de Fundaci\u00f3n Rafael del Pino [&hellip;]","og_url":"https:\/\/frdelpino.es\/actualidad\/politica-de-redes-sociales\/","og_site_name":"FRP Gaceta","article_publisher":"https:\/\/www.facebook.com\/frdelpino","og_image":[{"width":1920,"height":920,"url":"https:\/\/frdelpino.es\/actualidad\/wp-content\/uploads\/2018\/02\/foto_palacio_cabecera2.jpg","type":"image\/jpeg"}],"twitter_card":"summary_large_image","twitter_site":"@frdelpino","twitter_misc":{"Tiempo de lectura":"6 minutos"},"schema":{"@context":"https:\/\/schema.org","@graph":[{"@type":"WebPage","@id":"https:\/\/frdelpino.es\/actualidad\/politica-de-redes-sociales\/","url":"https:\/\/frdelpino.es\/actualidad\/politica-de-redes-sociales\/","name":"Pol\u00edtica de redes sociales - FRP Gaceta","isPartOf":{"@id":"https:\/\/frdelpino.es\/actualidad\/#website"},"datePublished":"2020-10-26T12:11:32+00:00","breadcrumb":{"@id":"https:\/\/frdelpino.es\/actualidad\/politica-de-redes-sociales\/#breadcrumb"},"inLanguage":"es","potentialAction":[{"@type":"ReadAction","target":["https:\/\/frdelpino.es\/actualidad\/politica-de-redes-sociales\/"]}]},{"@type":"BreadcrumbList","@id":"https:\/\/frdelpino.es\/actualidad\/politica-de-redes-sociales\/#breadcrumb","itemListElement":[{"@type":"ListItem","position":1,"name":"Portada","item":"https:\/\/frdelpino.es\/actualidad\/"},{"@type":"ListItem","position":2,"name":"Pol\u00edtica de redes sociales"}]},{"@type":"WebSite","@id":"https:\/\/frdelpino.es\/actualidad\/#website","url":"https:\/\/frdelpino.es\/actualidad\/","name":"FRP Gaceta","description":"Una iniciativa de la Fundaci\u00f3n Rafael del Pino","potentialAction":[{"@type":"SearchAction","target":{"@type":"EntryPoint","urlTemplate":"https:\/\/frdelpino.es\/actualidad\/?s={search_term_string}"},"query-input":{"@type":"PropertyValueSpecification","valueRequired":true,"valueName":"search_term_string"}}],"inLanguage":"es"}]}},"_links":{"self":[{"href":"https:\/\/frdelpino.es\/actualidad\/wp-json\/wp\/v2\/pages\/3534","targetHints":{"allow":["GET"]}}],"collection":[{"href":"https:\/\/frdelpino.es\/actualidad\/wp-json\/wp\/v2\/pages"}],"about":[{"href":"https:\/\/frdelpino.es\/actualidad\/wp-json\/wp\/v2\/types\/page"}],"author":[{"embeddable":true,"href":"https:\/\/frdelpino.es\/actualidad\/wp-json\/wp\/v2\/users\/2"}],"replies":[{"embeddable":true,"href":"https:\/\/frdelpino.es\/actualidad\/wp-json\/wp\/v2\/comments?post=3534"}],"version-history":[{"count":2,"href":"https:\/\/frdelpino.es\/actualidad\/wp-json\/wp\/v2\/pages\/3534\/revisions"}],"predecessor-version":[{"id":3536,"href":"https:\/\/frdelpino.es\/actualidad\/wp-json\/wp\/v2\/pages\/3534\/revisions\/3536"}],"wp:attachment":[{"href":"https:\/\/frdelpino.es\/actualidad\/wp-json\/wp\/v2\/media?parent=3534"}],"curies":[{"name":"wp","href":"https:\/\/api.w.org\/{rel}","templated":true}]}}